{"id":581,"date":"2025-07-18T11:49:57","date_gmt":"2025-07-18T09:49:57","guid":{"rendered":"https:\/\/sensdespossibles.fr\/?page_id=581"},"modified":"2025-07-22T11:49:35","modified_gmt":"2025-07-22T09:49:35","slug":"contact","status":"publish","type":"page","link":"https:\/\/sensdespossibles.fr\/index.php\/contact\/","title":{"rendered":"Contact"},"content":{"rendered":"\t\t<div data-elementor-type=\"wp-page\" data-elementor-id=\"581\" class=\"elementor elementor-581\">\n\t\t\t\t<div class=\"elementor-element elementor-element-e24ea6a e-flex e-con-boxed e-con e-parent\" data-id=\"e24ea6a\" data-element_type=\"container\">\n\t\t\t\t\t<div class=\"e-con-inner\">\n\t\t<div class=\"elementor-element elementor-element-0f7c635 e-con-full e-flex e-con e-child\" data-id=\"0f7c635\" data-element_type=\"container\">\n\t\t<div class=\"elementor-element elementor-element-c4dbe31 e-con-full e-flex e-con e-child\" data-id=\"c4dbe31\" data-element_type=\"container\">\n\t\t\t\t<div class=\"elementor-element elementor-element-49a8410 elementor-widget elementor-widget-heading\" data-id=\"49a8410\" data-element_type=\"widget\" data-widget_type=\"heading.default\">\n\t\t\t\t\t<h2 class=\"elementor-heading-title elementor-size-default\">Pour me contacter<\/h2>\t\t\t\t<\/div>\n\t\t<div class=\"elementor-element elementor-element-2a71914 e-con-full e-flex e-con e-child\" data-id=\"2a71914\" data-element_type=\"container\">\n\t\t\t\t<div class=\"elementor-element elementor-element-8149e9c elementor-widget elementor-widget-spacer\" data-id=\"8149e9c\" data-element_type=\"widget\" data-widget_type=\"spacer.default\">\n\t\t\t\t\t\t\t<div class=\"elementor-spacer\">\n\t\t\t<div class=\"elementor-spacer-inner\"><\/div>\n\t\t<\/div>\n\t\t\t\t\t\t<\/div>\n\t\t\t\t<div class=\"elementor-element elementor-element-8f23a04 elementor-align-center elementor-list-item-link-full_width elementor-widget elementor-widget-icon-list\" data-id=\"8f23a04\" data-element_type=\"widget\" data-widget_type=\"icon-list.default\">\n\t\t\t\t\t\t\t<ul class=\"elementor-icon-list-items\">\n\t\t\t\t\t\t\t<li class=\"elementor-icon-list-item\">\n\t\t\t\t\t\t\t\t\t\t\t<span class=\"elementor-icon-list-icon\">\n\t\t\t\t\t\t\t<svg aria-hidden=\"true\" class=\"e-font-icon-svg e-fas-phone-alt\" viewBox=\"0 0 512 512\" xmlns=\"http:\/\/www.w3.org\/2000\/svg\"><path d=\"M497.39 361.8l-112-48a24 24 0 0 0-28 6.9l-49.6 60.6A370.66 370.66 0 0 1 130.6 204.11l60.6-49.6a23.94 23.94 0 0 0 6.9-28l-48-112A24.16 24.16 0 0 0 122.6.61l-104 24A24 24 0 0 0 0 48c0 256.5 207.9 464 464 464a24 24 0 0 0 23.4-18.6l24-104a24.29 24.29 0 0 0-14.01-27.6z\"><\/path><\/svg>\t\t\t\t\t\t<\/span>\n\t\t\t\t\t\t\t\t\t\t<span class=\"elementor-icon-list-text\">06 01 77 04 63<\/span>\n\t\t\t\t\t\t\t\t\t<\/li>\n\t\t\t\t\t\t\t\t<li class=\"elementor-icon-list-item\">\n\t\t\t\t\t\t\t\t\t\t\t<a href=\"http:\/\/amandine.jouaneton@sensdespossibles.fr\">\n\n\t\t\t\t\t\t\t\t\t\t\t\t<span class=\"elementor-icon-list-icon\">\n\t\t\t\t\t\t\t<svg aria-hidden=\"true\" class=\"e-font-icon-svg e-far-envelope\" viewBox=\"0 0 512 512\" xmlns=\"http:\/\/www.w3.org\/2000\/svg\"><path d=\"M464 64H48C21.49 64 0 85.49 0 112v288c0 26.51 21.49 48 48 48h416c26.51 0 48-21.49 48-48V112c0-26.51-21.49-48-48-48zm0 48v40.805c-22.422 18.259-58.168 46.651-134.587 106.49-16.841 13.247-50.201 45.072-73.413 44.701-23.208.375-56.579-31.459-73.413-44.701C106.18 199.465 70.425 171.067 48 152.805V112h416zM48 400V214.398c22.914 18.251 55.409 43.862 104.938 82.646 21.857 17.205 60.134 55.186 103.062 54.955 42.717.231 80.509-37.199 103.053-54.947 49.528-38.783 82.032-64.401 104.947-82.653V400H48z\"><\/path><\/svg>\t\t\t\t\t\t<\/span>\n\t\t\t\t\t\t\t\t\t\t<span class=\"elementor-icon-list-text\">amandine.jouaneton@sensdespossibles.fr<\/span>\n\t\t\t\t\t\t\t\t\t\t\t<\/a>\n\t\t\t\t\t\t\t\t\t<\/li>\n\t\t\t\t\t\t\t\t<li class=\"elementor-icon-list-item\">\n\t\t\t\t\t\t\t\t\t\t\t<span class=\"elementor-icon-list-icon\">\n\t\t\t\t\t\t\t<svg aria-hidden=\"true\" class=\"e-font-icon-svg e-fas-map-marked-alt\" viewBox=\"0 0 576 512\" xmlns=\"http:\/\/www.w3.org\/2000\/svg\"><path d=\"M288 0c-69.59 0-126 56.41-126 126 0 56.26 82.35 158.8 113.9 196.02 6.39 7.54 17.82 7.54 24.2 0C331.65 284.8 414 182.26 414 126 414 56.41 357.59 0 288 0zm0 168c-23.2 0-42-18.8-42-42s18.8-42 42-42 42 18.8 42 42-18.8 42-42 42zM20.12 215.95A32.006 32.006 0 0 0 0 245.66v250.32c0 11.32 11.43 19.06 21.94 14.86L160 448V214.92c-8.84-15.98-16.07-31.54-21.25-46.42L20.12 215.95zM288 359.67c-14.07 0-27.38-6.18-36.51-16.96-19.66-23.2-40.57-49.62-59.49-76.72v182l192 64V266c-18.92 27.09-39.82 53.52-59.49 76.72-9.13 10.77-22.44 16.95-36.51 16.95zm266.06-198.51L416 224v288l139.88-55.95A31.996 31.996 0 0 0 576 426.34V176.02c0-11.32-11.43-19.06-21.94-14.86z\"><\/path><\/svg>\t\t\t\t\t\t<\/span>\n\t\t\t\t\t\t\t\t\t\t<span class=\"elementor-icon-list-text\">10 rue Marius Favre 69630 Chaponost<\/span>\n\t\t\t\t\t\t\t\t\t<\/li>\n\t\t\t\t\t\t<\/ul>\n\t\t\t\t\t\t<\/div>\n\t\t\t\t<div class=\"elementor-element elementor-element-b300997 elementor-widget elementor-widget-spacer\" data-id=\"b300997\" data-element_type=\"widget\" data-widget_type=\"spacer.default\">\n\t\t\t\t\t\t\t<div class=\"elementor-spacer\">\n\t\t\t<div class=\"elementor-spacer-inner\"><\/div>\n\t\t<\/div>\n\t\t\t\t\t\t<\/div>\n\t\t\t\t<div class=\"elementor-element elementor-element-95496d5 elementor-widget elementor-widget-image\" data-id=\"95496d5\" data-element_type=\"widget\" data-widget_type=\"image.default\">\n\t\t\t\t\t\t\t\t\t\t\t\t\t\t\t<img decoding=\"async\" width=\"150\" height=\"150\" src=\"https:\/\/sensdespossibles.fr\/wp-content\/uploads\/2025\/07\/cropped-Image5-150x150.png\" class=\"attachment-thumbnail size-thumbnail wp-image-63\" alt=\"\" srcset=\"https:\/\/sensdespossibles.fr\/wp-content\/uploads\/2025\/07\/cropped-Image5-150x150.png 150w, https:\/\/sensdespossibles.fr\/wp-content\/uploads\/2025\/07\/cropped-Image5-300x300.png 300w, https:\/\/sensdespossibles.fr\/wp-content\/uploads\/2025\/07\/cropped-Image5-270x270.png 270w, https:\/\/sensdespossibles.fr\/wp-content\/uploads\/2025\/07\/cropped-Image5-192x192.png 192w, https:\/\/sensdespossibles.fr\/wp-content\/uploads\/2025\/07\/cropped-Image5-180x180.png 180w, https:\/\/sensdespossibles.fr\/wp-content\/uploads\/2025\/07\/cropped-Image5-32x32.png 32w, https:\/\/sensdespossibles.fr\/wp-content\/uploads\/2025\/07\/cropped-Image5.png 512w\" sizes=\"(max-width: 150px) 100vw, 150px\" \/>\t\t\t\t\t\t\t\t\t\t\t\t\t\t\t<\/div>\n\t\t\t\t<\/div>\n\t\t<div class=\"elementor-element elementor-element-8d8e1d5 e-con-full e-flex e-con e-child\" data-id=\"8d8e1d5\" data-element_type=\"container\">\n\t\t\t\t<\/div>\n\t\t\t\t<\/div>\n\t\t<div class=\"elementor-element elementor-element-4e011ea e-con-full e-flex e-con e-child\" data-id=\"4e011ea\" data-element_type=\"container\">\n\t\t\t\t<div class=\"elementor-element elementor-element-216c417 e-transform elementor-widget elementor-widget-formidable\" data-id=\"216c417\" data-element_type=\"widget\" data-settings=\"{&quot;_transform_scale_effect&quot;:{&quot;unit&quot;:&quot;px&quot;,&quot;size&quot;:1,&quot;sizes&quot;:[]},&quot;_transform_scale_effect_tablet&quot;:{&quot;unit&quot;:&quot;px&quot;,&quot;size&quot;:&quot;&quot;,&quot;sizes&quot;:[]},&quot;_transform_scale_effect_mobile&quot;:{&quot;unit&quot;:&quot;px&quot;,&quot;size&quot;:&quot;&quot;,&quot;sizes&quot;:[]}}\" data-widget_type=\"formidable.default\">\n\t\t\t\t<div class=\"elementor-widget-container\">\n\t\t\t\t\t<div class=\"frm_forms  with_frm_style frm_style_style-formidable\" id=\"frm_form_2_container\" data-token=\"10a04fcaaf475c74dada375a7a08129a\">\n<form enctype=\"multipart\/form-data\" method=\"post\" class=\"frm-show-form \" id=\"form_contact\" data-token=\"10a04fcaaf475c74dada375a7a08129a\">\n<div class=\"frm_form_fields \">\n<fieldset>\n<legend class=\"frm_screen_reader\">Contact<\/legend>\r\n\r\n<div class=\"frm_fields_container\">\n<input type=\"hidden\" name=\"frm_action\" value=\"create\" \/>\n<input type=\"hidden\" name=\"form_id\" value=\"2\" \/>\n<input type=\"hidden\" name=\"frm_hide_fields_2\" id=\"frm_hide_fields_2\" value=\"\" \/>\n<input type=\"hidden\" name=\"form_key\" value=\"contact\" \/>\n<input type=\"hidden\" name=\"item_meta[0]\" value=\"\" \/>\n<input type=\"hidden\" id=\"frm_submit_entry_2\" name=\"frm_submit_entry_2\" value=\"cf6540228a\" \/><input type=\"hidden\" name=\"_wp_http_referer\" value=\"\/index.php\/wp-json\/wp\/v2\/pages\/581\" \/><div id=\"frm_field_8_container\" class=\"frm_form_field form-field  frm_required_field frm_top_container frm12 frm_first\">\r\n\t<label for=\"field_qhnjm\" id=\"field_qhnjm_label\" class=\"frm_primary_label\">Nom\r\n\t\t<span class=\"frm_required\" aria-hidden=\"true\">*<\/span>\r\n\t<\/label>\r\n\t<input type=\"text\" id=\"field_qhnjm\" name=\"item_meta[8]\" value=\"\"  data-reqmsg=\"Nom ne peut pas \u00eatre vide.\" aria-required=\"true\" data-invmsg=\"Nom est non valide\" aria-invalid=\"false\"  \/>\r\n\t\r\n\t\r\n<\/div>\n<div id=\"frm_field_9_container\" class=\"frm_form_field form-field  frm_required_field frm_top_container frm6 frm_first\">\r\n\t<label for=\"field_cgsry\" id=\"field_cgsry_label\" class=\"frm_primary_label\">E-mail\r\n\t\t<span class=\"frm_required\" aria-hidden=\"true\">*<\/span>\r\n\t<\/label>\r\n\t<input type=\"email\" id=\"field_cgsry\" name=\"item_meta[9]\" value=\"\"  data-reqmsg=\"E-mail ne peut pas \u00eatre vide.\" aria-required=\"true\" data-invmsg=\"E-mail est non valide\" aria-invalid=\"false\"  \/>\r\n\t\r\n\t\r\n<\/div>\n<div id=\"frm_field_11_container\" class=\"frm_form_field form-field  frm_top_container frm6\">\r\n\t<label for=\"field_w3oj0\" id=\"field_w3oj0_label\" class=\"frm_primary_label\">T\u00e9l\u00e9phone\r\n\t\t<span class=\"frm_required\" aria-hidden=\"true\"><\/span>\r\n\t<\/label>\r\n\t<input type=\"tel\" id=\"field_w3oj0\" name=\"item_meta[11]\" value=\"\"  data-invmsg=\"T\u00e9l\u00e9phone est non valide\" aria-invalid=\"false\" pattern=\"((\\+\\d{1,3}(-|.| )?\\(?\\d\\)?(-| |.)?\\d{1,5})|(\\(?\\d{2,6}\\)?))(-|.| )?(\\d{3,4})(-|.| )?(\\d{4})(( x| ext)\\d{1,5}){0,1}$\"  \/>\r\n\t\r\n\t\r\n<\/div>\n<div id=\"frm_field_18_container\" class=\"frm_form_field form-field  frm_required_field frm_top_container\">\r\n\t<label for=\"field_o9o4u\" id=\"field_o9o4u_label\" class=\"frm_primary_label\">Objet\r\n\t\t<span class=\"frm_required\" aria-hidden=\"true\">*<\/span>\r\n\t<\/label>\r\n\t<input type=\"text\" id=\"field_o9o4u\" name=\"item_meta[18]\" value=\"\"  data-reqmsg=\"Objet ne peut pas \u00eatre vide.\" aria-required=\"true\" data-invmsg=\"Objet est non valide\" aria-invalid=\"false\"  \/>\r\n\t\r\n\t\r\n<\/div>\n<div id=\"frm_field_10_container\" class=\"frm_form_field form-field  frm_required_field frm_top_container\">\r\n\t<label for=\"field_eakfd\" id=\"field_eakfd_label\" class=\"frm_primary_label\">Message\r\n\t\t<span class=\"frm_required\" aria-hidden=\"true\">*<\/span>\r\n\t<\/label>\r\n\t<textarea name=\"item_meta[10]\" id=\"field_eakfd\" rows=\"5\"  placeholder=\"R\u00e9digez votre message ici...\" data-reqmsg=\"Merci pour votre message. Je reviendrai vers vous d&#039;ici 48h.\" aria-required=\"true\" data-invmsg=\"Message est non valide\" aria-invalid=\"false\"  ><\/textarea>\r\n\t\r\n\t\r\n<\/div>\n<div id=\"frm_field_6_container\" class=\"frm_form_field form-field \">\r\n\t<div class=\"frm_submit frm_flex\">\r\n<button class=\"frm_button_submit\" type=\"submit\"  >Envoyer<\/button>\r\n\r\n\r\n\r\n<\/div>\r\n<\/div>\n\t<input type=\"hidden\" name=\"item_key\" value=\"\" \/>\n\t\t\t<div id=\"frm_field_19_container\">\n\t\t\t<label for=\"field_jfr3z\" >\n\t\t\t\tSi vous \u00eates un humain, ne remplissez pas ce champ.\t\t\t<\/label>\n\t\t\t<input  id=\"field_jfr3z\" type=\"text\" class=\"frm_form_field form-field frm_verify\" name=\"item_meta[19]\" value=\"\"  \/>\n\t\t<\/div>\n\t\t<input name=\"frm_state\" type=\"hidden\" value=\"jSWF0oKzrFx8cwaooxacOb9tqoVm20eMFyYI6Tbtpg8=\" \/><\/div>\n<\/fieldset>\n<\/div>\n\n<\/form>\n<\/div>\n\t\t\t\t<\/div>\n\t\t\t\t<\/div>\n\t\t\t\t<\/div>\n\t\t\t\t<\/div>\n\t\t\t\t\t<\/div>\n\t\t\t\t<\/div>\n\t\t\t\t<\/div>\n\t\t","protected":false},"excerpt":{"rendered":"<p>Pour me contacter 06 01 77 04 63 amandine.jouaneton@sensdespossibles.fr 10 rue Marius Favre 69630 Chaponost Contact Nom * E-mail * T\u00e9l\u00e9phone Objet * Message * Envoyer Si vous \u00eates un humain, ne remplissez pas ce champ.<\/p>\n","protected":false},"author":1,"featured_media":0,"parent":0,"menu_order":0,"comment_status":"closed","ping_status":"closed","template":"","meta":{"ocean_post_layout":"","ocean_both_sidebars_style":"","ocean_both_sidebars_content_width":0,"ocean_both_sidebars_sidebars_width":0,"ocean_sidebar":"","ocean_second_sidebar":"","ocean_disable_margins":"enable","ocean_add_body_class":"","ocean_shortcode_before_top_bar":"","ocean_shortcode_after_top_bar":"","ocean_shortcode_before_header":"","ocean_shortcode_after_header":"","ocean_has_shortcode":"","ocean_shortcode_after_title":"","ocean_shortcode_before_footer_widgets":"","ocean_shortcode_after_footer_widgets":"","ocean_shortcode_before_footer_bottom":"","ocean_shortcode_after_footer_bottom":"","ocean_display_top_bar":"default","ocean_display_header":"default","ocean_header_style":"","ocean_center_header_left_menu":"","ocean_custom_header_template":"","ocean_custom_logo":0,"ocean_custom_retina_logo":0,"ocean_custom_logo_max_width":0,"ocean_custom_logo_tablet_max_width":0,"ocean_custom_logo_mobile_max_width":0,"ocean_custom_logo_max_height":0,"ocean_custom_logo_tablet_max_height":0,"ocean_custom_logo_mobile_max_height":0,"ocean_header_custom_menu":"","ocean_menu_typo_font_family":"","ocean_menu_typo_font_subset":"","ocean_menu_typo_font_size":0,"ocean_menu_typo_font_size_tablet":0,"ocean_menu_typo_font_size_mobile":0,"ocean_menu_typo_font_size_unit":"px","ocean_menu_typo_font_weight":"","ocean_menu_typo_font_weight_tablet":"","ocean_menu_typo_font_weight_mobile":"","ocean_menu_typo_transform":"","ocean_menu_typo_transform_tablet":"","ocean_menu_typo_transform_mobile":"","ocean_menu_typo_line_height":0,"ocean_menu_typo_line_height_tablet":0,"ocean_menu_typo_line_height_mobile":0,"ocean_menu_typo_line_height_unit":"","ocean_menu_typo_spacing":0,"ocean_menu_typo_spacing_tablet":0,"ocean_menu_typo_spacing_mobile":0,"ocean_menu_typo_spacing_unit":"","ocean_menu_link_color":"","ocean_menu_link_color_hover":"","ocean_menu_link_color_active":"","ocean_menu_link_background":"","ocean_menu_link_hover_background":"","ocean_menu_link_active_background":"","ocean_menu_social_links_bg":"","ocean_menu_social_hover_links_bg":"","ocean_menu_social_links_color":"","ocean_menu_social_hover_links_color":"","ocean_disable_title":"default","ocean_disable_heading":"default","ocean_post_title":"","ocean_post_subheading":"","ocean_post_title_style":"","ocean_post_title_background_color":"","ocean_post_title_background":0,"ocean_post_title_bg_image_position":"","ocean_post_title_bg_image_attachment":"","ocean_post_title_bg_image_repeat":"","ocean_post_title_bg_image_size":"","ocean_post_title_height":0,"ocean_post_title_bg_overlay":0.5,"ocean_post_title_bg_overlay_color":"","ocean_disable_breadcrumbs":"default","ocean_breadcrumbs_color":"","ocean_breadcrumbs_separator_color":"","ocean_breadcrumbs_links_color":"","ocean_breadcrumbs_links_hover_color":"","ocean_display_footer_widgets":"default","ocean_display_footer_bottom":"default","ocean_custom_footer_template":"","footnotes":""},"class_list":["post-581","page","type-page","status-publish","hentry","entry"],"yoast_head":"<!-- This site is optimized with the Yoast SEO plugin v25.5 - https:\/\/yoast.com\/wordpress\/plugins\/seo\/ -->\n<title>Contact - sens des possibles<\/title>\n<meta name=\"robots\" content=\"index, follow, max-snippet:-1, max-image-preview:large, max-video-preview:-1\" \/>\n<link rel=\"canonical\" href=\"https:\/\/sensdespossibles.fr\/index.php\/contact\/\" \/>\n<meta property=\"og:locale\" content=\"fr_FR\" \/>\n<meta property=\"og:type\" content=\"article\" \/>\n<meta property=\"og:title\" content=\"Contact - sens des possibles\" \/>\n<meta property=\"og:description\" content=\"Pour me contacter 06 01 77 04 63 amandine.jouaneton@sensdespossibles.fr 10 rue Marius Favre 69630 Chaponost Contact Nom * E-mail * T\u00e9l\u00e9phone Objet * Message * Envoyer Si vous \u00eates un humain, ne remplissez pas ce champ.\" \/>\n<meta property=\"og:url\" content=\"https:\/\/sensdespossibles.fr\/index.php\/contact\/\" \/>\n<meta property=\"og:site_name\" content=\"sens des possibles\" \/>\n<meta property=\"article:modified_time\" content=\"2025-07-22T09:49:35+00:00\" \/>\n<meta property=\"og:image\" content=\"https:\/\/sensdespossibles.fr\/wp-content\/uploads\/2025\/07\/cropped-Image5.png\" \/>\n\t<meta property=\"og:image:width\" content=\"512\" \/>\n\t<meta property=\"og:image:height\" content=\"512\" \/>\n\t<meta property=\"og:image:type\" content=\"image\/png\" \/>\n<meta name=\"twitter:card\" content=\"summary_large_image\" \/>\n<meta name=\"twitter:label1\" content=\"Dur\u00e9e de lecture estim\u00e9e\" \/>\n\t<meta name=\"twitter:data1\" content=\"1 minute\" \/>\n<script type=\"application\/ld+json\" class=\"yoast-schema-graph\">{\"@context\":\"https:\/\/schema.org\",\"@graph\":[{\"@type\":\"WebPage\",\"@id\":\"https:\/\/sensdespossibles.fr\/index.php\/contact\/\",\"url\":\"https:\/\/sensdespossibles.fr\/index.php\/contact\/\",\"name\":\"Contact - sens des possibles\",\"isPartOf\":{\"@id\":\"https:\/\/sensdespossibles.fr\/#website\"},\"primaryImageOfPage\":{\"@id\":\"https:\/\/sensdespossibles.fr\/index.php\/contact\/#primaryimage\"},\"image\":{\"@id\":\"https:\/\/sensdespossibles.fr\/index.php\/contact\/#primaryimage\"},\"thumbnailUrl\":\"http:\/\/sensdespossibles.fr\/wp-content\/uploads\/2025\/07\/cropped-Image5-150x150.png\",\"datePublished\":\"2025-07-18T09:49:57+00:00\",\"dateModified\":\"2025-07-22T09:49:35+00:00\",\"breadcrumb\":{\"@id\":\"https:\/\/sensdespossibles.fr\/index.php\/contact\/#breadcrumb\"},\"inLanguage\":\"fr-FR\",\"potentialAction\":[{\"@type\":\"ReadAction\",\"target\":[\"https:\/\/sensdespossibles.fr\/index.php\/contact\/\"]}]},{\"@type\":\"ImageObject\",\"inLanguage\":\"fr-FR\",\"@id\":\"https:\/\/sensdespossibles.fr\/index.php\/contact\/#primaryimage\",\"url\":\"https:\/\/sensdespossibles.fr\/wp-content\/uploads\/2025\/07\/cropped-Image5.png\",\"contentUrl\":\"https:\/\/sensdespossibles.fr\/wp-content\/uploads\/2025\/07\/cropped-Image5.png\",\"width\":512,\"height\":512},{\"@type\":\"BreadcrumbList\",\"@id\":\"https:\/\/sensdespossibles.fr\/index.php\/contact\/#breadcrumb\",\"itemListElement\":[{\"@type\":\"ListItem\",\"position\":1,\"name\":\"Accueil\",\"item\":\"https:\/\/sensdespossibles.fr\/\"},{\"@type\":\"ListItem\",\"position\":2,\"name\":\"Contact\"}]},{\"@type\":\"WebSite\",\"@id\":\"https:\/\/sensdespossibles.fr\/#website\",\"url\":\"https:\/\/sensdespossibles.fr\/\",\"name\":\"sensdespossibles.fr\",\"description\":\"Reliez votre vision, vos choix et vos actions\",\"publisher\":{\"@id\":\"https:\/\/sensdespossibles.fr\/#organization\"},\"potentialAction\":[{\"@type\":\"SearchAction\",\"target\":{\"@type\":\"EntryPoint\",\"urlTemplate\":\"https:\/\/sensdespossibles.fr\/?s={search_term_string}\"},\"query-input\":{\"@type\":\"PropertyValueSpecification\",\"valueRequired\":true,\"valueName\":\"search_term_string\"}}],\"inLanguage\":\"fr-FR\"},{\"@type\":\"Organization\",\"@id\":\"https:\/\/sensdespossibles.fr\/#organization\",\"name\":\"Sens des possibles\",\"url\":\"https:\/\/sensdespossibles.fr\/\",\"logo\":{\"@type\":\"ImageObject\",\"inLanguage\":\"fr-FR\",\"@id\":\"https:\/\/sensdespossibles.fr\/#\/schema\/logo\/image\/\",\"url\":\"https:\/\/sensdespossibles.fr\/wp-content\/uploads\/2025\/06\/cropped-cropped-cropped-cropped-Logo_Couleur_SensDesPossibles.jpg\",\"contentUrl\":\"https:\/\/sensdespossibles.fr\/wp-content\/uploads\/2025\/06\/cropped-cropped-cropped-cropped-Logo_Couleur_SensDesPossibles.jpg\",\"width\":793,\"height\":581,\"caption\":\"Sens des possibles\"},\"image\":{\"@id\":\"https:\/\/sensdespossibles.fr\/#\/schema\/logo\/image\/\"}}]}<\/script>\n<!-- \/ Yoast SEO plugin. -->","yoast_head_json":{"title":"Contact - sens des possibles","robots":{"index":"index","follow":"follow","max-snippet":"max-snippet:-1","max-image-preview":"max-image-preview:large","max-video-preview":"max-video-preview:-1"},"canonical":"https:\/\/sensdespossibles.fr\/index.php\/contact\/","og_locale":"fr_FR","og_type":"article","og_title":"Contact - sens des possibles","og_description":"Pour me contacter 06 01 77 04 63 amandine.jouaneton@sensdespossibles.fr 10 rue Marius Favre 69630 Chaponost Contact Nom * E-mail * T\u00e9l\u00e9phone Objet * Message * Envoyer Si vous \u00eates un humain, ne remplissez pas ce champ.","og_url":"https:\/\/sensdespossibles.fr\/index.php\/contact\/","og_site_name":"sens des possibles","article_modified_time":"2025-07-22T09:49:35+00:00","og_image":[{"width":512,"height":512,"url":"https:\/\/sensdespossibles.fr\/wp-content\/uploads\/2025\/07\/cropped-Image5.png","type":"image\/png"}],"twitter_card":"summary_large_image","twitter_misc":{"Dur\u00e9e de lecture estim\u00e9e":"1 minute"},"schema":{"@context":"https:\/\/schema.org","@graph":[{"@type":"WebPage","@id":"https:\/\/sensdespossibles.fr\/index.php\/contact\/","url":"https:\/\/sensdespossibles.fr\/index.php\/contact\/","name":"Contact - sens des possibles","isPartOf":{"@id":"https:\/\/sensdespossibles.fr\/#website"},"primaryImageOfPage":{"@id":"https:\/\/sensdespossibles.fr\/index.php\/contact\/#primaryimage"},"image":{"@id":"https:\/\/sensdespossibles.fr\/index.php\/contact\/#primaryimage"},"thumbnailUrl":"http:\/\/sensdespossibles.fr\/wp-content\/uploads\/2025\/07\/cropped-Image5-150x150.png","datePublished":"2025-07-18T09:49:57+00:00","dateModified":"2025-07-22T09:49:35+00:00","breadcrumb":{"@id":"https:\/\/sensdespossibles.fr\/index.php\/contact\/#breadcrumb"},"inLanguage":"fr-FR","potentialAction":[{"@type":"ReadAction","target":["https:\/\/sensdespossibles.fr\/index.php\/contact\/"]}]},{"@type":"ImageObject","inLanguage":"fr-FR","@id":"https:\/\/sensdespossibles.fr\/index.php\/contact\/#primaryimage","url":"https:\/\/sensdespossibles.fr\/wp-content\/uploads\/2025\/07\/cropped-Image5.png","contentUrl":"https:\/\/sensdespossibles.fr\/wp-content\/uploads\/2025\/07\/cropped-Image5.png","width":512,"height":512},{"@type":"BreadcrumbList","@id":"https:\/\/sensdespossibles.fr\/index.php\/contact\/#breadcrumb","itemListElement":[{"@type":"ListItem","position":1,"name":"Accueil","item":"https:\/\/sensdespossibles.fr\/"},{"@type":"ListItem","position":2,"name":"Contact"}]},{"@type":"WebSite","@id":"https:\/\/sensdespossibles.fr\/#website","url":"https:\/\/sensdespossibles.fr\/","name":"sensdespossibles.fr","description":"Reliez votre vision, vos choix et vos actions","publisher":{"@id":"https:\/\/sensdespossibles.fr\/#organization"},"potentialAction":[{"@type":"SearchAction","target":{"@type":"EntryPoint","urlTemplate":"https:\/\/sensdespossibles.fr\/?s={search_term_string}"},"query-input":{"@type":"PropertyValueSpecification","valueRequired":true,"valueName":"search_term_string"}}],"inLanguage":"fr-FR"},{"@type":"Organization","@id":"https:\/\/sensdespossibles.fr\/#organization","name":"Sens des possibles","url":"https:\/\/sensdespossibles.fr\/","logo":{"@type":"ImageObject","inLanguage":"fr-FR","@id":"https:\/\/sensdespossibles.fr\/#\/schema\/logo\/image\/","url":"https:\/\/sensdespossibles.fr\/wp-content\/uploads\/2025\/06\/cropped-cropped-cropped-cropped-Logo_Couleur_SensDesPossibles.jpg","contentUrl":"https:\/\/sensdespossibles.fr\/wp-content\/uploads\/2025\/06\/cropped-cropped-cropped-cropped-Logo_Couleur_SensDesPossibles.jpg","width":793,"height":581,"caption":"Sens des possibles"},"image":{"@id":"https:\/\/sensdespossibles.fr\/#\/schema\/logo\/image\/"}}]}},"_links":{"self":[{"href":"https:\/\/sensdespossibles.fr\/index.php\/wp-json\/wp\/v2\/pages\/581","targetHints":{"allow":["GET"]}}],"collection":[{"href":"https:\/\/sensdespossibles.fr\/index.php\/wp-json\/wp\/v2\/pages"}],"about":[{"href":"https:\/\/sensdespossibles.fr\/index.php\/wp-json\/wp\/v2\/types\/page"}],"author":[{"embeddable":true,"href":"https:\/\/sensdespossibles.fr\/index.php\/wp-json\/wp\/v2\/users\/1"}],"replies":[{"embeddable":true,"href":"https:\/\/sensdespossibles.fr\/index.php\/wp-json\/wp\/v2\/comments?post=581"}],"version-history":[{"count":10,"href":"https:\/\/sensdespossibles.fr\/index.php\/wp-json\/wp\/v2\/pages\/581\/revisions"}],"predecessor-version":[{"id":854,"href":"https:\/\/sensdespossibles.fr\/index.php\/wp-json\/wp\/v2\/pages\/581\/revisions\/854"}],"wp:attachment":[{"href":"https:\/\/sensdespossibles.fr\/index.php\/wp-json\/wp\/v2\/media?parent=581"}],"curies":[{"name":"wp","href":"https:\/\/api.w.org\/{rel}","templated":true}]}}