{"id":583,"date":"2025-07-18T11:50:05","date_gmt":"2025-07-18T09:50:05","guid":{"rendered":"https:\/\/sensdespossibles.fr\/?page_id=583"},"modified":"2025-07-21T18:09:10","modified_gmt":"2025-07-21T16:09:10","slug":"mentions-legales","status":"publish","type":"page","link":"https:\/\/sensdespossibles.fr\/index.php\/mentions-legales\/","title":{"rendered":"Mentions l\u00e9gales"},"content":{"rendered":"\t\t<div data-elementor-type=\"wp-page\" data-elementor-id=\"583\" class=\"elementor elementor-583\">\n\t\t\t\t<div class=\"elementor-element elementor-element-5b6e457 e-flex e-con-boxed e-con e-parent\" data-id=\"5b6e457\" data-element_type=\"container\">\n\t\t\t\t\t<div class=\"e-con-inner\">\n\t\t\t\t<div class=\"elementor-element elementor-element-10e08c9 elementor-widget elementor-widget-heading\" data-id=\"10e08c9\" data-element_type=\"widget\" data-widget_type=\"heading.default\">\n\t\t\t\t\t<h2 class=\"elementor-heading-title elementor-size-default\">MENTIONS LEGALES<\/h2>\t\t\t\t<\/div>\n\t\t\t\t\t<\/div>\n\t\t\t\t<\/div>\n\t\t<div class=\"elementor-element elementor-element-425b5f3 e-flex e-con-boxed e-con e-parent\" data-id=\"425b5f3\" data-element_type=\"container\">\n\t\t\t\t\t<div class=\"e-con-inner\">\n\t\t\t\t\t<\/div>\n\t\t\t\t<\/div>\n\t\t<div class=\"elementor-element elementor-element-99ddf4f e-flex e-con-boxed e-con e-parent\" data-id=\"99ddf4f\" data-element_type=\"container\">\n\t\t\t\t\t<div class=\"e-con-inner\">\n\t\t<div class=\"elementor-element elementor-element-2870e8c e-con-full e-flex e-con e-child\" data-id=\"2870e8c\" data-element_type=\"container\">\n\t\t\t\t<div class=\"elementor-element elementor-element-e7ca71d elementor-widget elementor-widget-image\" data-id=\"e7ca71d\" data-element_type=\"widget\" data-widget_type=\"image.default\">\n\t\t\t\t\t\t\t\t\t\t\t\t\t\t\t<img decoding=\"async\" width=\"150\" height=\"150\" src=\"https:\/\/sensdespossibles.fr\/wp-content\/uploads\/2025\/07\/elycoop-150x150.png\" class=\"attachment-thumbnail size-thumbnail wp-image-832\" alt=\"\" \/>\t\t\t\t\t\t\t\t\t\t\t\t\t\t\t<\/div>\n\t\t\t\t<\/div>\n\t\t<div class=\"elementor-element elementor-element-4c7f53f e-con-full e-flex e-con e-child\" data-id=\"4c7f53f\" data-element_type=\"container\">\n\t\t\t\t<div class=\"elementor-element elementor-element-73c5c87 elementor-widget elementor-widget-text-editor\" data-id=\"73c5c87\" data-element_type=\"widget\" data-widget_type=\"text-editor.default\">\n\t\t\t\t\t\t\t\t\t<p>Amandine JOUANETON est titulaire d\u2019un CAPE aupr\u00e8s de la soci\u00e9t\u00e9 Elycoop du 1\/07\/2025 au 30\/06\/2026.<br \/>Si\u00e8ge social : P\u00f4le Pixel \u2013 B\u00e2t B. \u2013 26 rue Emile Decorps \u2013 69100 Villeurbanne<br \/>SIREN 429 851 637 \u2013 NAF 7022Z \u2013 429 851 637 RCS Lyon<\/p>\t\t\t\t\t\t\t\t<\/div>\n\t\t\t\t<\/div>\n\t\t\t\t\t<\/div>\n\t\t\t\t<\/div>\n\t\t<div class=\"elementor-element elementor-element-124707e e-flex e-con-boxed e-con e-parent\" data-id=\"124707e\" data-element_type=\"container\">\n\t\t\t\t\t<div class=\"e-con-inner\">\n\t\t\t\t\t<\/div>\n\t\t\t\t<\/div>\n\t\t<div class=\"elementor-element elementor-element-08aea29 e-flex e-con-boxed e-con e-parent\" data-id=\"08aea29\" data-element_type=\"container\">\n\t\t\t\t\t<div class=\"e-con-inner\">\n\t\t\t\t<div class=\"elementor-element elementor-element-1d2cd98 elementor-widget elementor-widget-heading\" data-id=\"1d2cd98\" data-element_type=\"widget\" data-widget_type=\"heading.default\">\n\t\t\t\t\t<h2 class=\"elementor-heading-title elementor-size-default\">Editrice du site web<\/h2>\t\t\t\t<\/div>\n\t\t\t\t<div class=\"elementor-element elementor-element-be68b8a elementor-widget elementor-widget-text-editor\" data-id=\"be68b8a\" data-element_type=\"widget\" data-widget_type=\"text-editor.default\">\n\t\t\t\t\t\t\t\t\t<p>Site web : https:\/\/sensdespossibles.fr<\/p>\n<p>Directrice de la publication : Amandine Jouaneton<\/p>\n<p>Email : amandine.jouaneton@sensdespossibles.fr<\/p>\n<p><\/p>\t\t\t\t\t\t\t\t<\/div>\n\t\t\t\t<div class=\"elementor-element elementor-element-1a053de elementor-widget elementor-widget-heading\" data-id=\"1a053de\" data-element_type=\"widget\" data-widget_type=\"heading.default\">\n\t\t\t\t\t<h2 class=\"elementor-heading-title elementor-size-default\">H\u00e9bergeur du site<\/h2>\t\t\t\t<\/div>\n\t\t\t\t<div class=\"elementor-element elementor-element-a6f7171 elementor-widget elementor-widget-text-editor\" data-id=\"a6f7171\" data-element_type=\"widget\" data-widget_type=\"text-editor.default\">\n\t\t\t\t\t\t\t\t\t<p>Nom : OVH France<\/p>\n<p>Adresse : 2 rue Kellermann 59100 Roubaix<\/p>\n<p><span style=\"font-size: 16px;\">T\u00e9l\u00e9phone France : 1007 (disponible du lundi au vendredi de 9h00 \u00e0 18h00)<\/span><\/p>\n<p><span style=\"font-size: 16px;\">T\u00e9l\u00e9phone international : +33 9 72 10 10 07&nbsp;<\/span><\/p>\t\t\t\t\t\t\t\t<\/div>\n\t\t\t\t<div class=\"elementor-element elementor-element-ed40804 elementor-widget elementor-widget-heading\" data-id=\"ed40804\" data-element_type=\"widget\" data-widget_type=\"heading.default\">\n\t\t\t\t\t<h2 class=\"elementor-heading-title elementor-size-default\">Droits d'auteur<\/h2>\t\t\t\t<\/div>\n\t\t\t\t<div class=\"elementor-element elementor-element-29232c9 elementor-widget elementor-widget-text-editor\" data-id=\"29232c9\" data-element_type=\"widget\" data-widget_type=\"text-editor.default\">\n\t\t\t\t\t\t\t\t\t<p>Toute reproduction totale ou partielle du design, des textes, des photos ou des mises en page est interdite, conform\u00e9ment aux dispositions de l\u2019article L. 122-4 du Code de la propri\u00e9t\u00e9 intellectuelle. Tout contrevenant sera passible de poursuites judiciaires pour contrefa\u00e7on.<\/p><p>Sens des\u00a0 Possibles met tout en \u0153uvre pour offrir aux utilisateurs des informations et\/ou outils disponibles et v\u00e9rifi\u00e9s mais ne saurait \u00eatre tenue pour responsable des erreurs ou omissions, d\u2019une absence de disponibilit\u00e9 des informations et des services. En cons\u00e9quence, l\u2019utilisateur reconna\u00eet utiliser ces informations sous sa responsabilit\u00e9 exclusive.<\/p>\t\t\t\t\t\t\t\t<\/div>\n\t\t\t\t<div class=\"elementor-element elementor-element-a32b530 elementor-widget elementor-widget-heading\" data-id=\"a32b530\" data-element_type=\"widget\" data-widget_type=\"heading.default\">\n\t\t\t\t\t<h2 class=\"elementor-heading-title elementor-size-default\">Protection des donn\u00e9es personelles<\/h2>\t\t\t\t<\/div>\n\t\t\t\t<div class=\"elementor-element elementor-element-9785b43 elementor-widget elementor-widget-text-editor\" data-id=\"9785b43\" data-element_type=\"widget\" data-widget_type=\"text-editor.default\">\n\t\t\t\t\t\t\t\t\t<p>La consultation du site www.sensdespossibles.fr est possible sans que vous ayez \u00e0 r\u00e9v\u00e9ler votre identit\u00e9 ou toute autre information \u00e0 caract\u00e8re personnel vous concernant. L\u2019utilisateur est notamment inform\u00e9, conform\u00e9ment \u00e0 l\u2019article 27 de la loi Informatique, fichiers et libert\u00e9s du 6 janvier 1978, que les informations facultatives qu\u2019il communique en r\u00e9pondant s\u2019il le souhaite aux formulaires pr\u00e9sents sur le site permettent de r\u00e9pondre \u00e0 sa demande et sont destin\u00e9es \u00e0 l&rsquo;entreprise Sens des Possibles, responsable du traitement, \u00e0 des fins de gestion administrative et commerciale. Si l\u2019utilisateur ne souhaite pas recevoir des informations ou des offres de l&rsquo;entreprise Sens des Possibles ou s\u2019il veut disposer d\u2019un droit d\u2019acc\u00e8s, de radiation et de rectification sur les donn\u00e9es personnelles le concernant, il peut \u00e9crire \u00e0 Amandine Jouaneton &#8211; Sens des Possibles \u2013 10 rue Marius Favre\u2013 69630 Chaponost ou par e-mail : amandine.jouaneton@sensdespossibles.fr<\/p>\t\t\t\t\t\t\t\t<\/div>\n\t\t\t\t<div class=\"elementor-element elementor-element-8abbc9a elementor-widget elementor-widget-heading\" data-id=\"8abbc9a\" data-element_type=\"widget\" data-widget_type=\"heading.default\">\n\t\t\t\t\t<h2 class=\"elementor-heading-title elementor-size-default\">Liens hypertexte<\/h2>\t\t\t\t<\/div>\n\t\t\t\t<div class=\"elementor-element elementor-element-d97094d elementor-widget elementor-widget-text-editor\" data-id=\"d97094d\" data-element_type=\"widget\" data-widget_type=\"text-editor.default\">\n\t\t\t\t\t\t\t\t\t<p>La mise en place d\u2019un lien hypertexte vers le site www.sensdespossibles.fr ne n\u00e9cessite pas d\u2019autorisation pr\u00e9alable et \u00e9crite \u00e0 l&rsquo;entreprise Sens des Possibles. En tout \u00e9tat de cause, Sens des Possibles n\u2019est en aucun cas tenue responsable du contenu ainsi que des produits ou services propos\u00e9s sur les sites auxquels le site www.sensdespossibles.fr se trouverait li\u00e9 par des liens hypertextes ou tout autre type de lien.<\/p>\t\t\t\t\t\t\t\t<\/div>\n\t\t\t\t<div class=\"elementor-element elementor-element-41bd453 elementor-widget elementor-widget-heading\" data-id=\"41bd453\" data-element_type=\"widget\" data-widget_type=\"heading.default\">\n\t\t\t\t\t<h2 class=\"elementor-heading-title elementor-size-default\">Droit applicable<\/h2>\t\t\t\t<\/div>\n\t\t\t\t<div class=\"elementor-element elementor-element-fde0ecd elementor-widget elementor-widget-text-editor\" data-id=\"fde0ecd\" data-element_type=\"widget\" data-widget_type=\"text-editor.default\">\n\t\t\t\t\t\t\t\t\t<p>Le site Internet www.sensdespossibles.fr et les pr\u00e9sentes conditions g\u00e9n\u00e9rales sont soumises au droit fran\u00e7ais et sont r\u00e9dig\u00e9s en fran\u00e7ais. Pour tout litige, il est fait attribution exclusive de juridiction aux tribunaux comp\u00e9tents du ressort de Lyon. L&rsquo;entreprise Sens des Possibles se r\u00e9serve le droit de modifier les pr\u00e9sentes mentions \u00e0 tout moment. L\u2019utilisateur s\u2019engage \u00e0 la consulter r\u00e9guli\u00e8rement.<\/p>\t\t\t\t\t\t\t\t<\/div>\n\t\t\t\t<div class=\"elementor-element elementor-element-50b9116 elementor-widget elementor-widget-heading\" data-id=\"50b9116\" data-element_type=\"widget\" data-widget_type=\"heading.default\">\n\t\t\t\t\t<h2 class=\"elementor-heading-title elementor-size-default\">Limitation de responsabilit\u00e9<\/h2>\t\t\t\t<\/div>\n\t\t\t\t<div class=\"elementor-element elementor-element-54c612d elementor-widget elementor-widget-text-editor\" data-id=\"54c612d\" data-element_type=\"widget\" data-widget_type=\"text-editor.default\">\n\t\t\t\t\t\t\t\t\t<p>Vous utilisez le site www.sensdespossibles.fr sous votre seule et enti\u00e8re responsabilit\u00e9. L&rsquo;entreprise Sens des Possibles ne pourra \u00eatre tenu pour responsable des dommages directs ou indirects, tels que, notamment, pr\u00e9judice mat\u00e9riel, pertes de donn\u00e9es ou de programme, pr\u00e9judice financier, r\u00e9sultant de l\u2019utilisation de ce site ou de sites qui lui sont li\u00e9s.<\/p>\t\t\t\t\t\t\t\t<\/div>\n\t\t\t\t<div class=\"elementor-element elementor-element-e580011 elementor-widget elementor-widget-heading\" data-id=\"e580011\" data-element_type=\"widget\" data-widget_type=\"heading.default\">\n\t\t\t\t\t<h2 class=\"elementor-heading-title elementor-size-default\">Donn\u00e9es statistiques de suivi<\/h2>\t\t\t\t<\/div>\n\t\t\t\t<div class=\"elementor-element elementor-element-6656e23 elementor-widget elementor-widget-text-editor\" data-id=\"6656e23\" data-element_type=\"widget\" data-widget_type=\"text-editor.default\">\n\t\t\t\t\t\t\t\t\t<p>Nous utilisons les donn\u00e9es de connexion pour nos statistiques de consultation (type de navigateur, nombre de visiteurs, rubriques visit\u00e9es\u2026) pour l\u2019optimisation de notre site en terme de rubriques et de navigation mais ces informations ne sont pas transmises \u00e0 des tiers.<\/p>\t\t\t\t\t\t\t\t<\/div>\n\t\t\t\t\t<\/div>\n\t\t\t\t<\/div>\n\t\t\t\t<\/div>\n\t\t","protected":false},"excerpt":{"rendered":"<p>MENTIONS LEGALES Amandine JOUANETON est titulaire d\u2019un CAPE aupr\u00e8s de la soci\u00e9t\u00e9 Elycoop du 1\/07\/2025 au 30\/06\/2026.Si\u00e8ge social : P\u00f4le Pixel \u2013 B\u00e2t B. \u2013 26 rue Emile Decorps \u2013 69100 VilleurbanneSIREN 429 851 637 \u2013 NAF 7022Z \u2013 429 851 637 RCS Lyon Editrice du site web Site web : https:\/\/sensdespossibles.fr Directrice de la [&hellip;]<\/p>\n","protected":false},"author":1,"featured_media":0,"parent":0,"menu_order":0,"comment_status":"closed","ping_status":"closed","template":"","meta":{"ocean_post_layout":"","ocean_both_sidebars_style":"","ocean_both_sidebars_content_width":0,"ocean_both_sidebars_sidebars_width":0,"ocean_sidebar":"","ocean_second_sidebar":"","ocean_disable_margins":"enable","ocean_add_body_class":"","ocean_shortcode_before_top_bar":"","ocean_shortcode_after_top_bar":"","ocean_shortcode_before_header":"","ocean_shortcode_after_header":"","ocean_has_shortcode":"","ocean_shortcode_after_title":"","ocean_shortcode_before_footer_widgets":"","ocean_shortcode_after_footer_widgets":"","ocean_shortcode_before_footer_bottom":"","ocean_shortcode_after_footer_bottom":"","ocean_display_top_bar":"default","ocean_display_header":"default","ocean_header_style":"","ocean_center_header_left_menu":"","ocean_custom_header_template":"","ocean_custom_logo":0,"ocean_custom_retina_logo":0,"ocean_custom_logo_max_width":0,"ocean_custom_logo_tablet_max_width":0,"ocean_custom_logo_mobile_max_width":0,"ocean_custom_logo_max_height":0,"ocean_custom_logo_tablet_max_height":0,"ocean_custom_logo_mobile_max_height":0,"ocean_header_custom_menu":"","ocean_menu_typo_font_family":"","ocean_menu_typo_font_subset":"","ocean_menu_typo_font_size":0,"ocean_menu_typo_font_size_tablet":0,"ocean_menu_typo_font_size_mobile":0,"ocean_menu_typo_font_size_unit":"px","ocean_menu_typo_font_weight":"","ocean_menu_typo_font_weight_tablet":"","ocean_menu_typo_font_weight_mobile":"","ocean_menu_typo_transform":"","ocean_menu_typo_transform_tablet":"","ocean_menu_typo_transform_mobile":"","ocean_menu_typo_line_height":0,"ocean_menu_typo_line_height_tablet":0,"ocean_menu_typo_line_height_mobile":0,"ocean_menu_typo_line_height_unit":"","ocean_menu_typo_spacing":0,"ocean_menu_typo_spacing_tablet":0,"ocean_menu_typo_spacing_mobile":0,"ocean_menu_typo_spacing_unit":"","ocean_menu_link_color":"","ocean_menu_link_color_hover":"","ocean_menu_link_color_active":"","ocean_menu_link_background":"","ocean_menu_link_hover_background":"","ocean_menu_link_active_background":"","ocean_menu_social_links_bg":"","ocean_menu_social_hover_links_bg":"","ocean_menu_social_links_color":"","ocean_menu_social_hover_links_color":"","ocean_disable_title":"default","ocean_disable_heading":"default","ocean_post_title":"","ocean_post_subheading":"","ocean_post_title_style":"","ocean_post_title_background_color":"","ocean_post_title_background":0,"ocean_post_title_bg_image_position":"","ocean_post_title_bg_image_attachment":"","ocean_post_title_bg_image_repeat":"","ocean_post_title_bg_image_size":"","ocean_post_title_height":0,"ocean_post_title_bg_overlay":0.5,"ocean_post_title_bg_overlay_color":"","ocean_disable_breadcrumbs":"default","ocean_breadcrumbs_color":"","ocean_breadcrumbs_separator_color":"","ocean_breadcrumbs_links_color":"","ocean_breadcrumbs_links_hover_color":"","ocean_display_footer_widgets":"default","ocean_display_footer_bottom":"default","ocean_custom_footer_template":"","footnotes":""},"class_list":["post-583","page","type-page","status-publish","hentry","entry"],"yoast_head":"<!-- This site is optimized with the Yoast SEO plugin v25.5 - https:\/\/yoast.com\/wordpress\/plugins\/seo\/ -->\n<title>Mentions l\u00e9gales - sens des possibles<\/title>\n<meta name=\"robots\" content=\"index, follow, max-snippet:-1, max-image-preview:large, max-video-preview:-1\" \/>\n<link rel=\"canonical\" href=\"https:\/\/sensdespossibles.fr\/index.php\/mentions-legales\/\" \/>\n<meta property=\"og:locale\" content=\"fr_FR\" \/>\n<meta property=\"og:type\" content=\"article\" \/>\n<meta property=\"og:title\" content=\"Mentions l\u00e9gales - sens des possibles\" \/>\n<meta property=\"og:description\" content=\"MENTIONS LEGALES Amandine JOUANETON est titulaire d\u2019un CAPE aupr\u00e8s de la soci\u00e9t\u00e9 Elycoop du 1\/07\/2025 au 30\/06\/2026.Si\u00e8ge social : P\u00f4le Pixel \u2013 B\u00e2t B. \u2013 26 rue Emile Decorps \u2013 69100 VilleurbanneSIREN 429 851 637 \u2013 NAF 7022Z \u2013 429 851 637 RCS Lyon Editrice du site web Site web : https:\/\/sensdespossibles.fr Directrice de la [&hellip;]\" \/>\n<meta property=\"og:url\" content=\"https:\/\/sensdespossibles.fr\/index.php\/mentions-legales\/\" \/>\n<meta property=\"og:site_name\" content=\"sens des possibles\" \/>\n<meta property=\"article:modified_time\" content=\"2025-07-21T16:09:10+00:00\" \/>\n<meta property=\"og:image\" content=\"https:\/\/sensdespossibles.fr\/wp-content\/uploads\/2025\/07\/elycoop.png\" \/>\n\t<meta property=\"og:image:width\" content=\"238\" \/>\n\t<meta property=\"og:image:height\" content=\"190\" \/>\n\t<meta property=\"og:image:type\" content=\"image\/png\" \/>\n<meta name=\"twitter:card\" content=\"summary_large_image\" \/>\n<meta name=\"twitter:label1\" content=\"Dur\u00e9e de lecture estim\u00e9e\" \/>\n\t<meta name=\"twitter:data1\" content=\"3 minutes\" \/>\n<script type=\"application\/ld+json\" class=\"yoast-schema-graph\">{\"@context\":\"https:\/\/schema.org\",\"@graph\":[{\"@type\":\"WebPage\",\"@id\":\"https:\/\/sensdespossibles.fr\/index.php\/mentions-legales\/\",\"url\":\"https:\/\/sensdespossibles.fr\/index.php\/mentions-legales\/\",\"name\":\"Mentions l\u00e9gales - sens des possibles\",\"isPartOf\":{\"@id\":\"https:\/\/sensdespossibles.fr\/#website\"},\"primaryImageOfPage\":{\"@id\":\"https:\/\/sensdespossibles.fr\/index.php\/mentions-legales\/#primaryimage\"},\"image\":{\"@id\":\"https:\/\/sensdespossibles.fr\/index.php\/mentions-legales\/#primaryimage\"},\"thumbnailUrl\":\"http:\/\/sensdespossibles.fr\/wp-content\/uploads\/2025\/07\/elycoop-150x150.png\",\"datePublished\":\"2025-07-18T09:50:05+00:00\",\"dateModified\":\"2025-07-21T16:09:10+00:00\",\"breadcrumb\":{\"@id\":\"https:\/\/sensdespossibles.fr\/index.php\/mentions-legales\/#breadcrumb\"},\"inLanguage\":\"fr-FR\",\"potentialAction\":[{\"@type\":\"ReadAction\",\"target\":[\"https:\/\/sensdespossibles.fr\/index.php\/mentions-legales\/\"]}]},{\"@type\":\"ImageObject\",\"inLanguage\":\"fr-FR\",\"@id\":\"https:\/\/sensdespossibles.fr\/index.php\/mentions-legales\/#primaryimage\",\"url\":\"https:\/\/sensdespossibles.fr\/wp-content\/uploads\/2025\/07\/elycoop.png\",\"contentUrl\":\"https:\/\/sensdespossibles.fr\/wp-content\/uploads\/2025\/07\/elycoop.png\",\"width\":238,\"height\":190},{\"@type\":\"BreadcrumbList\",\"@id\":\"https:\/\/sensdespossibles.fr\/index.php\/mentions-legales\/#breadcrumb\",\"itemListElement\":[{\"@type\":\"ListItem\",\"position\":1,\"name\":\"Accueil\",\"item\":\"https:\/\/sensdespossibles.fr\/\"},{\"@type\":\"ListItem\",\"position\":2,\"name\":\"Mentions l\u00e9gales\"}]},{\"@type\":\"WebSite\",\"@id\":\"https:\/\/sensdespossibles.fr\/#website\",\"url\":\"https:\/\/sensdespossibles.fr\/\",\"name\":\"sensdespossibles.fr\",\"description\":\"Reliez votre vision, vos choix et vos actions\",\"publisher\":{\"@id\":\"https:\/\/sensdespossibles.fr\/#organization\"},\"potentialAction\":[{\"@type\":\"SearchAction\",\"target\":{\"@type\":\"EntryPoint\",\"urlTemplate\":\"https:\/\/sensdespossibles.fr\/?s={search_term_string}\"},\"query-input\":{\"@type\":\"PropertyValueSpecification\",\"valueRequired\":true,\"valueName\":\"search_term_string\"}}],\"inLanguage\":\"fr-FR\"},{\"@type\":\"Organization\",\"@id\":\"https:\/\/sensdespossibles.fr\/#organization\",\"name\":\"Sens des possibles\",\"url\":\"https:\/\/sensdespossibles.fr\/\",\"logo\":{\"@type\":\"ImageObject\",\"inLanguage\":\"fr-FR\",\"@id\":\"https:\/\/sensdespossibles.fr\/#\/schema\/logo\/image\/\",\"url\":\"https:\/\/sensdespossibles.fr\/wp-content\/uploads\/2025\/06\/cropped-cropped-cropped-cropped-Logo_Couleur_SensDesPossibles.jpg\",\"contentUrl\":\"https:\/\/sensdespossibles.fr\/wp-content\/uploads\/2025\/06\/cropped-cropped-cropped-cropped-Logo_Couleur_SensDesPossibles.jpg\",\"width\":793,\"height\":581,\"caption\":\"Sens des possibles\"},\"image\":{\"@id\":\"https:\/\/sensdespossibles.fr\/#\/schema\/logo\/image\/\"}}]}<\/script>\n<!-- \/ Yoast SEO plugin. -->","yoast_head_json":{"title":"Mentions l\u00e9gales - sens des possibles","robots":{"index":"index","follow":"follow","max-snippet":"max-snippet:-1","max-image-preview":"max-image-preview:large","max-video-preview":"max-video-preview:-1"},"canonical":"https:\/\/sensdespossibles.fr\/index.php\/mentions-legales\/","og_locale":"fr_FR","og_type":"article","og_title":"Mentions l\u00e9gales - sens des possibles","og_description":"MENTIONS LEGALES Amandine JOUANETON est titulaire d\u2019un CAPE aupr\u00e8s de la soci\u00e9t\u00e9 Elycoop du 1\/07\/2025 au 30\/06\/2026.Si\u00e8ge social : P\u00f4le Pixel \u2013 B\u00e2t B. \u2013 26 rue Emile Decorps \u2013 69100 VilleurbanneSIREN 429 851 637 \u2013 NAF 7022Z \u2013 429 851 637 RCS Lyon Editrice du site web Site web : https:\/\/sensdespossibles.fr Directrice de la [&hellip;]","og_url":"https:\/\/sensdespossibles.fr\/index.php\/mentions-legales\/","og_site_name":"sens des possibles","article_modified_time":"2025-07-21T16:09:10+00:00","og_image":[{"width":238,"height":190,"url":"https:\/\/sensdespossibles.fr\/wp-content\/uploads\/2025\/07\/elycoop.png","type":"image\/png"}],"twitter_card":"summary_large_image","twitter_misc":{"Dur\u00e9e de lecture estim\u00e9e":"3 minutes"},"schema":{"@context":"https:\/\/schema.org","@graph":[{"@type":"WebPage","@id":"https:\/\/sensdespossibles.fr\/index.php\/mentions-legales\/","url":"https:\/\/sensdespossibles.fr\/index.php\/mentions-legales\/","name":"Mentions l\u00e9gales - sens des possibles","isPartOf":{"@id":"https:\/\/sensdespossibles.fr\/#website"},"primaryImageOfPage":{"@id":"https:\/\/sensdespossibles.fr\/index.php\/mentions-legales\/#primaryimage"},"image":{"@id":"https:\/\/sensdespossibles.fr\/index.php\/mentions-legales\/#primaryimage"},"thumbnailUrl":"http:\/\/sensdespossibles.fr\/wp-content\/uploads\/2025\/07\/elycoop-150x150.png","datePublished":"2025-07-18T09:50:05+00:00","dateModified":"2025-07-21T16:09:10+00:00","breadcrumb":{"@id":"https:\/\/sensdespossibles.fr\/index.php\/mentions-legales\/#breadcrumb"},"inLanguage":"fr-FR","potentialAction":[{"@type":"ReadAction","target":["https:\/\/sensdespossibles.fr\/index.php\/mentions-legales\/"]}]},{"@type":"ImageObject","inLanguage":"fr-FR","@id":"https:\/\/sensdespossibles.fr\/index.php\/mentions-legales\/#primaryimage","url":"https:\/\/sensdespossibles.fr\/wp-content\/uploads\/2025\/07\/elycoop.png","contentUrl":"https:\/\/sensdespossibles.fr\/wp-content\/uploads\/2025\/07\/elycoop.png","width":238,"height":190},{"@type":"BreadcrumbList","@id":"https:\/\/sensdespossibles.fr\/index.php\/mentions-legales\/#breadcrumb","itemListElement":[{"@type":"ListItem","position":1,"name":"Accueil","item":"https:\/\/sensdespossibles.fr\/"},{"@type":"ListItem","position":2,"name":"Mentions l\u00e9gales"}]},{"@type":"WebSite","@id":"https:\/\/sensdespossibles.fr\/#website","url":"https:\/\/sensdespossibles.fr\/","name":"sensdespossibles.fr","description":"Reliez votre vision, vos choix et vos actions","publisher":{"@id":"https:\/\/sensdespossibles.fr\/#organization"},"potentialAction":[{"@type":"SearchAction","target":{"@type":"EntryPoint","urlTemplate":"https:\/\/sensdespossibles.fr\/?s={search_term_string}"},"query-input":{"@type":"PropertyValueSpecification","valueRequired":true,"valueName":"search_term_string"}}],"inLanguage":"fr-FR"},{"@type":"Organization","@id":"https:\/\/sensdespossibles.fr\/#organization","name":"Sens des possibles","url":"https:\/\/sensdespossibles.fr\/","logo":{"@type":"ImageObject","inLanguage":"fr-FR","@id":"https:\/\/sensdespossibles.fr\/#\/schema\/logo\/image\/","url":"https:\/\/sensdespossibles.fr\/wp-content\/uploads\/2025\/06\/cropped-cropped-cropped-cropped-Logo_Couleur_SensDesPossibles.jpg","contentUrl":"https:\/\/sensdespossibles.fr\/wp-content\/uploads\/2025\/06\/cropped-cropped-cropped-cropped-Logo_Couleur_SensDesPossibles.jpg","width":793,"height":581,"caption":"Sens des possibles"},"image":{"@id":"https:\/\/sensdespossibles.fr\/#\/schema\/logo\/image\/"}}]}},"_links":{"self":[{"href":"https:\/\/sensdespossibles.fr\/index.php\/wp-json\/wp\/v2\/pages\/583","targetHints":{"allow":["GET"]}}],"collection":[{"href":"https:\/\/sensdespossibles.fr\/index.php\/wp-json\/wp\/v2\/pages"}],"about":[{"href":"https:\/\/sensdespossibles.fr\/index.php\/wp-json\/wp\/v2\/types\/page"}],"author":[{"embeddable":true,"href":"https:\/\/sensdespossibles.fr\/index.php\/wp-json\/wp\/v2\/users\/1"}],"replies":[{"embeddable":true,"href":"https:\/\/sensdespossibles.fr\/index.php\/wp-json\/wp\/v2\/comments?post=583"}],"version-history":[{"count":7,"href":"https:\/\/sensdespossibles.fr\/index.php\/wp-json\/wp\/v2\/pages\/583\/revisions"}],"predecessor-version":[{"id":838,"href":"https:\/\/sensdespossibles.fr\/index.php\/wp-json\/wp\/v2\/pages\/583\/revisions\/838"}],"wp:attachment":[{"href":"https:\/\/sensdespossibles.fr\/index.php\/wp-json\/wp\/v2\/media?parent=583"}],"curies":[{"name":"wp","href":"https:\/\/api.w.org\/{rel}","templated":true}]}}