{"id":700,"date":"2025-07-21T10:19:57","date_gmt":"2025-07-21T08:19:57","guid":{"rendered":"https:\/\/sensdespossibles.fr\/?page_id=700"},"modified":"2025-07-21T13:10:47","modified_gmt":"2025-07-21T11:10:47","slug":"en-individuel","status":"publish","type":"page","link":"https:\/\/sensdespossibles.fr\/index.php\/en-individuel\/","title":{"rendered":"\u00catre accompagn\u00e9 individuellement"},"content":{"rendered":"\t\t<div data-elementor-type=\"wp-page\" data-elementor-id=\"700\" class=\"elementor elementor-700\">\n\t\t\t\t<div class=\"elementor-element elementor-element-b39430d e-flex e-con-boxed e-con e-parent\" data-id=\"b39430d\" data-element_type=\"container\">\n\t\t\t\t\t<div class=\"e-con-inner\">\n\t\t\t\t<div class=\"elementor-element elementor-element-1b584c8 elementor-widget elementor-widget-heading\" data-id=\"1b584c8\" data-element_type=\"widget\" data-widget_type=\"heading.default\">\n\t\t\t\t\t<h2 class=\"elementor-heading-title elementor-size-default\">\u00caTRE ACCOMPAGNE INDIVIDUELLEMENT pour...<\/h2>\t\t\t\t<\/div>\n\t\t\t\t<div class=\"elementor-element elementor-element-417dd36 elementor-widget elementor-widget-image\" data-id=\"417dd36\" data-element_type=\"widget\" data-widget_type=\"image.default\">\n\t\t\t\t\t\t\t\t\t\t\t\t\t\t\t<img fetchpriority=\"high\" decoding=\"async\" width=\"1024\" height=\"575\" src=\"https:\/\/sensdespossibles.fr\/wp-content\/uploads\/2025\/07\/prendre-de-la-hauteur-1024x575.png\" class=\"attachment-large size-large wp-image-728\" alt=\"\" srcset=\"https:\/\/sensdespossibles.fr\/wp-content\/uploads\/2025\/07\/prendre-de-la-hauteur-1024x575.png 1024w, https:\/\/sensdespossibles.fr\/wp-content\/uploads\/2025\/07\/prendre-de-la-hauteur-300x168.png 300w, https:\/\/sensdespossibles.fr\/wp-content\/uploads\/2025\/07\/prendre-de-la-hauteur-768x431.png 768w, https:\/\/sensdespossibles.fr\/wp-content\/uploads\/2025\/07\/prendre-de-la-hauteur-800x450.png 800w, https:\/\/sensdespossibles.fr\/wp-content\/uploads\/2025\/07\/prendre-de-la-hauteur.png 1282w\" sizes=\"(max-width: 1024px) 100vw, 1024px\" \/>\t\t\t\t\t\t\t\t\t\t\t\t\t\t\t<\/div>\n\t\t\t\t\t<\/div>\n\t\t\t\t<\/div>\n\t\t<div class=\"elementor-element elementor-element-8b5308d e-flex e-con-boxed e-con e-parent\" data-id=\"8b5308d\" data-element_type=\"container\">\n\t\t\t\t\t<div class=\"e-con-inner\">\n\t\t\t\t\t<\/div>\n\t\t\t\t<\/div>\n\t\t<div class=\"elementor-element elementor-element-08a63d0 e-flex e-con-boxed e-con e-parent\" data-id=\"08a63d0\" data-element_type=\"container\">\n\t\t\t\t\t<div class=\"e-con-inner\">\n\t\t<div class=\"elementor-element elementor-element-b66a4c9 e-con-full e-flex e-con e-child\" data-id=\"b66a4c9\" data-element_type=\"container\">\n\t\t\t\t<div class=\"elementor-element elementor-element-00168e1 elementor-align-center elementor-widget elementor-widget-button\" data-id=\"00168e1\" data-element_type=\"widget\" data-widget_type=\"button.default\">\n\t\t\t\t\t\t\t\t\t\t<a class=\"elementor-button elementor-button-link elementor-size-sm\" href=\"https:\/\/sensdespossibles.fr\/index.php\/contact\/\">\n\t\t\t\t\t\t<span class=\"elementor-button-content-wrapper\">\n\t\t\t\t\t\t<span class=\"elementor-button-icon\">\n\t\t\t\t<svg aria-hidden=\"true\" class=\"e-font-icon-svg e-fas-chevron-right\" viewBox=\"0 0 320 512\" xmlns=\"http:\/\/www.w3.org\/2000\/svg\"><path d=\"M285.476 272.971L91.132 467.314c-9.373 9.373-24.569 9.373-33.941 0l-22.667-22.667c-9.357-9.357-9.375-24.522-.04-33.901L188.505 256 34.484 101.255c-9.335-9.379-9.317-24.544.04-33.901l22.667-22.667c9.373-9.373 24.569-9.373 33.941 0L285.475 239.03c9.373 9.372 9.373 24.568.001 33.941z\"><\/path><\/svg>\t\t\t<\/span>\n\t\t\t\t\t\t\t\t\t<span class=\"elementor-button-text\">Contactez-moi<\/span>\n\t\t\t\t\t<\/span>\n\t\t\t\t\t<\/a>\n\t\t\t\t\t\t\t\t<\/div>\n\t\t\t\t<\/div>\n\t\t<div class=\"elementor-element elementor-element-3ed0b70 e-con-full e-flex e-con e-child\" data-id=\"3ed0b70\" data-element_type=\"container\">\n\t\t<div class=\"elementor-element elementor-element-4a3b569 e-con-full e-flex e-con e-child\" data-id=\"4a3b569\" data-element_type=\"container\">\n\t\t\t\t<div class=\"elementor-element elementor-element-351684f elementor-align-center elementor-widget elementor-widget-button\" data-id=\"351684f\" data-element_type=\"widget\" data-widget_type=\"button.default\">\n\t\t\t\t\t\t\t\t\t\t<a class=\"elementor-button elementor-button-link elementor-size-sm\" href=\"https:\/\/sensdespossibles.fr\/index.php\/en-equipe\/\">\n\t\t\t\t\t\t<span class=\"elementor-button-content-wrapper\">\n\t\t\t\t\t\t\t\t\t<span class=\"elementor-button-text\">Voir les accompagnemements  collectifs<\/span>\n\t\t\t\t\t<\/span>\n\t\t\t\t\t<\/a>\n\t\t\t\t\t\t\t\t<\/div>\n\t\t\t\t<\/div>\n\t\t\t\t<\/div>\n\t\t\t\t\t<\/div>\n\t\t\t\t<\/div>\n\t\t\t\t<\/div>\n\t\t","protected":false},"excerpt":{"rendered":"<p>\u00caTRE ACCOMPAGNE INDIVIDUELLEMENT pour&#8230; Contactez-moi Voir les accompagnemements collectifs<\/p>\n","protected":false},"author":1,"featured_media":0,"parent":0,"menu_order":0,"comment_status":"closed","ping_status":"closed","template":"","meta":{"ocean_post_layout":"","ocean_both_sidebars_style":"","ocean_both_sidebars_content_width":0,"ocean_both_sidebars_sidebars_width":0,"ocean_sidebar":"","ocean_second_sidebar":"","ocean_disable_margins":"enable","ocean_add_body_class":"","ocean_shortcode_before_top_bar":"","ocean_shortcode_after_top_bar":"","ocean_shortcode_before_header":"","ocean_shortcode_after_header":"","ocean_has_shortcode":"","ocean_shortcode_after_title":"","ocean_shortcode_before_footer_widgets":"","ocean_shortcode_after_footer_widgets":"","ocean_shortcode_before_footer_bottom":"","ocean_shortcode_after_footer_bottom":"","ocean_display_top_bar":"default","ocean_display_header":"default","ocean_header_style":"","ocean_center_header_left_menu":"","ocean_custom_header_template":"","ocean_custom_logo":0,"ocean_custom_retina_logo":0,"ocean_custom_logo_max_width":0,"ocean_custom_logo_tablet_max_width":0,"ocean_custom_logo_mobile_max_width":0,"ocean_custom_logo_max_height":0,"ocean_custom_logo_tablet_max_height":0,"ocean_custom_logo_mobile_max_height":0,"ocean_header_custom_menu":"","ocean_menu_typo_font_family":"","ocean_menu_typo_font_subset":"","ocean_menu_typo_font_size":0,"ocean_menu_typo_font_size_tablet":0,"ocean_menu_typo_font_size_mobile":0,"ocean_menu_typo_font_size_unit":"px","ocean_menu_typo_font_weight":"","ocean_menu_typo_font_weight_tablet":"","ocean_menu_typo_font_weight_mobile":"","ocean_menu_typo_transform":"","ocean_menu_typo_transform_tablet":"","ocean_menu_typo_transform_mobile":"","ocean_menu_typo_line_height":0,"ocean_menu_typo_line_height_tablet":0,"ocean_menu_typo_line_height_mobile":0,"ocean_menu_typo_line_height_unit":"","ocean_menu_typo_spacing":0,"ocean_menu_typo_spacing_tablet":0,"ocean_menu_typo_spacing_mobile":0,"ocean_menu_typo_spacing_unit":"","ocean_menu_link_color":"","ocean_menu_link_color_hover":"","ocean_menu_link_color_active":"","ocean_menu_link_background":"","ocean_menu_link_hover_background":"","ocean_menu_link_active_background":"","ocean_menu_social_links_bg":"","ocean_menu_social_hover_links_bg":"","ocean_menu_social_links_color":"","ocean_menu_social_hover_links_color":"","ocean_disable_title":"default","ocean_disable_heading":"default","ocean_post_title":"","ocean_post_subheading":"","ocean_post_title_style":"","ocean_post_title_background_color":"","ocean_post_title_background":0,"ocean_post_title_bg_image_position":"","ocean_post_title_bg_image_attachment":"","ocean_post_title_bg_image_repeat":"","ocean_post_title_bg_image_size":"","ocean_post_title_height":0,"ocean_post_title_bg_overlay":0.5,"ocean_post_title_bg_overlay_color":"","ocean_disable_breadcrumbs":"default","ocean_breadcrumbs_color":"","ocean_breadcrumbs_separator_color":"","ocean_breadcrumbs_links_color":"","ocean_breadcrumbs_links_hover_color":"","ocean_display_footer_widgets":"default","ocean_display_footer_bottom":"default","ocean_custom_footer_template":"","footnotes":""},"class_list":["post-700","page","type-page","status-publish","hentry","entry"],"yoast_head":"<!-- This site is optimized with the Yoast SEO plugin v25.5 - https:\/\/yoast.com\/wordpress\/plugins\/seo\/ -->\n<title>\u00catre accompagn\u00e9 individuellement - sens des possibles<\/title>\n<meta name=\"robots\" content=\"index, follow, max-snippet:-1, max-image-preview:large, max-video-preview:-1\" \/>\n<link rel=\"canonical\" href=\"https:\/\/sensdespossibles.fr\/index.php\/en-individuel\/\" \/>\n<meta property=\"og:locale\" content=\"fr_FR\" \/>\n<meta property=\"og:type\" content=\"article\" \/>\n<meta property=\"og:title\" content=\"\u00catre accompagn\u00e9 individuellement - sens des possibles\" \/>\n<meta property=\"og:description\" content=\"\u00caTRE ACCOMPAGNE INDIVIDUELLEMENT pour&#8230; Contactez-moi Voir les accompagnemements collectifs\" \/>\n<meta property=\"og:url\" content=\"https:\/\/sensdespossibles.fr\/index.php\/en-individuel\/\" \/>\n<meta property=\"og:site_name\" content=\"sens des possibles\" \/>\n<meta property=\"article:modified_time\" content=\"2025-07-21T11:10:47+00:00\" \/>\n<meta property=\"og:image\" content=\"http:\/\/sensdespossibles.fr\/wp-content\/uploads\/2025\/07\/prendre-de-la-hauteur-1024x575.png\" \/>\n<meta name=\"twitter:card\" content=\"summary_large_image\" \/>\n<meta name=\"twitter:label1\" content=\"Dur\u00e9e de lecture estim\u00e9e\" \/>\n\t<meta name=\"twitter:data1\" content=\"1 minute\" \/>\n<script type=\"application\/ld+json\" class=\"yoast-schema-graph\">{\"@context\":\"https:\/\/schema.org\",\"@graph\":[{\"@type\":\"WebPage\",\"@id\":\"https:\/\/sensdespossibles.fr\/index.php\/en-individuel\/\",\"url\":\"https:\/\/sensdespossibles.fr\/index.php\/en-individuel\/\",\"name\":\"\u00catre accompagn\u00e9 individuellement - sens des possibles\",\"isPartOf\":{\"@id\":\"https:\/\/sensdespossibles.fr\/#website\"},\"primaryImageOfPage\":{\"@id\":\"https:\/\/sensdespossibles.fr\/index.php\/en-individuel\/#primaryimage\"},\"image\":{\"@id\":\"https:\/\/sensdespossibles.fr\/index.php\/en-individuel\/#primaryimage\"},\"thumbnailUrl\":\"http:\/\/sensdespossibles.fr\/wp-content\/uploads\/2025\/07\/prendre-de-la-hauteur-1024x575.png\",\"datePublished\":\"2025-07-21T08:19:57+00:00\",\"dateModified\":\"2025-07-21T11:10:47+00:00\",\"breadcrumb\":{\"@id\":\"https:\/\/sensdespossibles.fr\/index.php\/en-individuel\/#breadcrumb\"},\"inLanguage\":\"fr-FR\",\"potentialAction\":[{\"@type\":\"ReadAction\",\"target\":[\"https:\/\/sensdespossibles.fr\/index.php\/en-individuel\/\"]}]},{\"@type\":\"ImageObject\",\"inLanguage\":\"fr-FR\",\"@id\":\"https:\/\/sensdespossibles.fr\/index.php\/en-individuel\/#primaryimage\",\"url\":\"https:\/\/sensdespossibles.fr\/wp-content\/uploads\/2025\/07\/prendre-de-la-hauteur.png\",\"contentUrl\":\"https:\/\/sensdespossibles.fr\/wp-content\/uploads\/2025\/07\/prendre-de-la-hauteur.png\",\"width\":1282,\"height\":720},{\"@type\":\"BreadcrumbList\",\"@id\":\"https:\/\/sensdespossibles.fr\/index.php\/en-individuel\/#breadcrumb\",\"itemListElement\":[{\"@type\":\"ListItem\",\"position\":1,\"name\":\"Accueil\",\"item\":\"https:\/\/sensdespossibles.fr\/\"},{\"@type\":\"ListItem\",\"position\":2,\"name\":\"\u00catre accompagn\u00e9 individuellement\"}]},{\"@type\":\"WebSite\",\"@id\":\"https:\/\/sensdespossibles.fr\/#website\",\"url\":\"https:\/\/sensdespossibles.fr\/\",\"name\":\"sensdespossibles.fr\",\"description\":\"Reliez votre vision, vos choix et vos actions\",\"publisher\":{\"@id\":\"https:\/\/sensdespossibles.fr\/#organization\"},\"potentialAction\":[{\"@type\":\"SearchAction\",\"target\":{\"@type\":\"EntryPoint\",\"urlTemplate\":\"https:\/\/sensdespossibles.fr\/?s={search_term_string}\"},\"query-input\":{\"@type\":\"PropertyValueSpecification\",\"valueRequired\":true,\"valueName\":\"search_term_string\"}}],\"inLanguage\":\"fr-FR\"},{\"@type\":\"Organization\",\"@id\":\"https:\/\/sensdespossibles.fr\/#organization\",\"name\":\"Sens des possibles\",\"url\":\"https:\/\/sensdespossibles.fr\/\",\"logo\":{\"@type\":\"ImageObject\",\"inLanguage\":\"fr-FR\",\"@id\":\"https:\/\/sensdespossibles.fr\/#\/schema\/logo\/image\/\",\"url\":\"https:\/\/sensdespossibles.fr\/wp-content\/uploads\/2025\/06\/cropped-cropped-cropped-cropped-Logo_Couleur_SensDesPossibles.jpg\",\"contentUrl\":\"https:\/\/sensdespossibles.fr\/wp-content\/uploads\/2025\/06\/cropped-cropped-cropped-cropped-Logo_Couleur_SensDesPossibles.jpg\",\"width\":793,\"height\":581,\"caption\":\"Sens des possibles\"},\"image\":{\"@id\":\"https:\/\/sensdespossibles.fr\/#\/schema\/logo\/image\/\"}}]}<\/script>\n<!-- \/ Yoast SEO plugin. -->","yoast_head_json":{"title":"\u00catre accompagn\u00e9 individuellement - sens des possibles","robots":{"index":"index","follow":"follow","max-snippet":"max-snippet:-1","max-image-preview":"max-image-preview:large","max-video-preview":"max-video-preview:-1"},"canonical":"https:\/\/sensdespossibles.fr\/index.php\/en-individuel\/","og_locale":"fr_FR","og_type":"article","og_title":"\u00catre accompagn\u00e9 individuellement - sens des possibles","og_description":"\u00caTRE ACCOMPAGNE INDIVIDUELLEMENT pour&#8230; Contactez-moi Voir les accompagnemements collectifs","og_url":"https:\/\/sensdespossibles.fr\/index.php\/en-individuel\/","og_site_name":"sens des possibles","article_modified_time":"2025-07-21T11:10:47+00:00","og_image":[{"url":"http:\/\/sensdespossibles.fr\/wp-content\/uploads\/2025\/07\/prendre-de-la-hauteur-1024x575.png","type":"","width":"","height":""}],"twitter_card":"summary_large_image","twitter_misc":{"Dur\u00e9e de lecture estim\u00e9e":"1 minute"},"schema":{"@context":"https:\/\/schema.org","@graph":[{"@type":"WebPage","@id":"https:\/\/sensdespossibles.fr\/index.php\/en-individuel\/","url":"https:\/\/sensdespossibles.fr\/index.php\/en-individuel\/","name":"\u00catre accompagn\u00e9 individuellement - sens des possibles","isPartOf":{"@id":"https:\/\/sensdespossibles.fr\/#website"},"primaryImageOfPage":{"@id":"https:\/\/sensdespossibles.fr\/index.php\/en-individuel\/#primaryimage"},"image":{"@id":"https:\/\/sensdespossibles.fr\/index.php\/en-individuel\/#primaryimage"},"thumbnailUrl":"http:\/\/sensdespossibles.fr\/wp-content\/uploads\/2025\/07\/prendre-de-la-hauteur-1024x575.png","datePublished":"2025-07-21T08:19:57+00:00","dateModified":"2025-07-21T11:10:47+00:00","breadcrumb":{"@id":"https:\/\/sensdespossibles.fr\/index.php\/en-individuel\/#breadcrumb"},"inLanguage":"fr-FR","potentialAction":[{"@type":"ReadAction","target":["https:\/\/sensdespossibles.fr\/index.php\/en-individuel\/"]}]},{"@type":"ImageObject","inLanguage":"fr-FR","@id":"https:\/\/sensdespossibles.fr\/index.php\/en-individuel\/#primaryimage","url":"https:\/\/sensdespossibles.fr\/wp-content\/uploads\/2025\/07\/prendre-de-la-hauteur.png","contentUrl":"https:\/\/sensdespossibles.fr\/wp-content\/uploads\/2025\/07\/prendre-de-la-hauteur.png","width":1282,"height":720},{"@type":"BreadcrumbList","@id":"https:\/\/sensdespossibles.fr\/index.php\/en-individuel\/#breadcrumb","itemListElement":[{"@type":"ListItem","position":1,"name":"Accueil","item":"https:\/\/sensdespossibles.fr\/"},{"@type":"ListItem","position":2,"name":"\u00catre accompagn\u00e9 individuellement"}]},{"@type":"WebSite","@id":"https:\/\/sensdespossibles.fr\/#website","url":"https:\/\/sensdespossibles.fr\/","name":"sensdespossibles.fr","description":"Reliez votre vision, vos choix et vos actions","publisher":{"@id":"https:\/\/sensdespossibles.fr\/#organization"},"potentialAction":[{"@type":"SearchAction","target":{"@type":"EntryPoint","urlTemplate":"https:\/\/sensdespossibles.fr\/?s={search_term_string}"},"query-input":{"@type":"PropertyValueSpecification","valueRequired":true,"valueName":"search_term_string"}}],"inLanguage":"fr-FR"},{"@type":"Organization","@id":"https:\/\/sensdespossibles.fr\/#organization","name":"Sens des possibles","url":"https:\/\/sensdespossibles.fr\/","logo":{"@type":"ImageObject","inLanguage":"fr-FR","@id":"https:\/\/sensdespossibles.fr\/#\/schema\/logo\/image\/","url":"https:\/\/sensdespossibles.fr\/wp-content\/uploads\/2025\/06\/cropped-cropped-cropped-cropped-Logo_Couleur_SensDesPossibles.jpg","contentUrl":"https:\/\/sensdespossibles.fr\/wp-content\/uploads\/2025\/06\/cropped-cropped-cropped-cropped-Logo_Couleur_SensDesPossibles.jpg","width":793,"height":581,"caption":"Sens des possibles"},"image":{"@id":"https:\/\/sensdespossibles.fr\/#\/schema\/logo\/image\/"}}]}},"_links":{"self":[{"href":"https:\/\/sensdespossibles.fr\/index.php\/wp-json\/wp\/v2\/pages\/700","targetHints":{"allow":["GET"]}}],"collection":[{"href":"https:\/\/sensdespossibles.fr\/index.php\/wp-json\/wp\/v2\/pages"}],"about":[{"href":"https:\/\/sensdespossibles.fr\/index.php\/wp-json\/wp\/v2\/types\/page"}],"author":[{"embeddable":true,"href":"https:\/\/sensdespossibles.fr\/index.php\/wp-json\/wp\/v2\/users\/1"}],"replies":[{"embeddable":true,"href":"https:\/\/sensdespossibles.fr\/index.php\/wp-json\/wp\/v2\/comments?post=700"}],"version-history":[{"count":35,"href":"https:\/\/sensdespossibles.fr\/index.php\/wp-json\/wp\/v2\/pages\/700\/revisions"}],"predecessor-version":[{"id":800,"href":"https:\/\/sensdespossibles.fr\/index.php\/wp-json\/wp\/v2\/pages\/700\/revisions\/800"}],"wp:attachment":[{"href":"https:\/\/sensdespossibles.fr\/index.php\/wp-json\/wp\/v2\/media?parent=700"}],"curies":[{"name":"wp","href":"https:\/\/api.w.org\/{rel}","templated":true}]}}